{"id":168,"date":"2023-09-13T11:42:47","date_gmt":"2023-09-13T11:42:47","guid":{"rendered":"https:\/\/azimigroup.net\/?page_id=168"},"modified":"2023-11-29T17:46:13","modified_gmt":"2023-11-29T17:46:13","slug":"about-us","status":"publish","type":"page","link":"https:\/\/azimigroup.net\/tr\/about-us\/","title":{"rendered":"Hakk\u0131m\u0131zda"},"content":{"rendered":"<p>[et_pb_section fb_built=&#8221;1&#8243; admin_label=&#8221;Header&#8221; _builder_version=&#8221;4.22.1&#8243; _module_preset=&#8221;default&#8221; background_color=&#8221;gcid-6fb8d52b-d9b9-420f-b953-76a43db82829&#8243; collapsed=&#8221;on&#8221; global_colors_info=&#8221;{%22gcid-6fb8d52b-d9b9-420f-b953-76a43db82829%22:%91%22background_color%22%93}&#8221;][et_pb_row _builder_version=&#8221;4.19.5&#8243; _module_preset=&#8221;default&#8221; max_width=&#8221;700px&#8221; global_colors_info=&#8221;{}&#8221;][et_pb_column type=&#8221;4_4&#8243; _builder_version=&#8221;4.19.5&#8243; _module_preset=&#8221;default&#8221; global_colors_info=&#8221;{}&#8221;][et_pb_text _builder_version=&#8221;4.22.1&#8243; _module_preset=&#8221;b1636e5c-773b-4e7d-a6c6-64d38d0b20ad&#8221; header_text_color=&#8221;#FFFFFF&#8221; text_orientation=&#8221;center&#8221; custom_margin=&#8221;||10px||false|false&#8221; global_colors_info=&#8221;{%22gcid-f743be1f-46bf-4685-bc55-7e8b347eb98d%22:%91%22header_text_color%22%93}&#8221;]<\/p>\n<h1>Hakk\u0131m\u0131zda<\/h1>\n<p>[\/et_pb_text][et_pb_text _builder_version=&#8221;4.22.1&#8243; _module_preset=&#8221;cf653415-77d3-4c96-8a86-8808e8a448e4&#8243; text_font=&#8221;||||||||&#8221; text_text_color=&#8221;#bcbcbc&#8221; text_orientation=&#8221;center&#8221; global_colors_info=&#8221;{}&#8221;]<\/p>\n<p>\u0130novasyon ve m\u00fckemmelli\u011fin \u00f6n saflar\u0131nda yer alan se\u00e7kin bir holding olan Azimi Brothers Group&#039;a ho\u015f geldiniz. Zengin miras\u0131m\u0131z, geni\u015f portf\u00f6y\u00fcm\u00fcz ve kalite, s\u00fcrd\u00fcr\u00fclebilirlik ve m\u00fc\u015fteri memnuniyetine olan ba\u011fl\u0131l\u0131\u011f\u0131m\u0131z hakk\u0131nda daha fazla bilgi edinmek istiyorsan\u0131z okumaya devam edin.<\/p>\n<p>[\/et_pb_text][\/et_pb_column][\/et_pb_row][\/et_pb_section][et_pb_section fb_built=&#8221;1&#8243; admin_label=&#8221;About&#8221; _builder_version=&#8221;4.22.1&#8243; _module_preset=&#8221;default&#8221; background_color=&#8221;#fdfdfd&#8221; custom_padding=&#8221;100px||||false|false&#8221; top_divider_style=&#8221;slant2&#8243; top_divider_color=&#8221;gcid-6fb8d52b-d9b9-420f-b953-76a43db82829&#8243; locked=&#8221;off&#8221; collapsed=&#8221;on&#8221; global_colors_info=&#8221;{%22gcid-6fb8d52b-d9b9-420f-b953-76a43db82829%22:%91%22top_divider_color%22%93}&#8221;][et_pb_row column_structure=&#8221;1_2,1_2&#8243; make_equal=&#8221;on&#8221; _builder_version=&#8221;4.22.1&#8243; _module_preset=&#8221;default&#8221; custom_css_main_element=&#8221;align-items: center;&#8221; global_colors_info=&#8221;{}&#8221;][et_pb_column type=&#8221;1_2&#8243; _builder_version=&#8221;4.19.5&#8243; _module_preset=&#8221;default&#8221; global_colors_info=&#8221;{}&#8221;][et_pb_image src=&#8221;https:\/\/azimigroup.net\/wp-content\/uploads\/2023\/09\/health-clinic-1.png&#8221; title_text=&#8221;health-clinic-1&#8243; _builder_version=&#8221;4.22.1&#8243; _module_preset=&#8221;default&#8221; max_height=&#8221;12px&#8221; filter_hue_rotate=&#8221;186deg&#8221; locked=&#8221;off&#8221; global_colors_info=&#8221;{}&#8221;][\/et_pb_image][et_pb_text _builder_version=&#8221;4.19.5&#8243; _module_preset=&#8221;1c49ca18-cf31-42fe-a8d1-e085a285f155&#8243; custom_margin=&#8221;||10px||false|false&#8221; global_colors_info=&#8221;{}&#8221;]<\/p>\n<h2>K\u00fcresel Eri\u015fim ve M\u00fc\u015fteri Odakl\u0131 Yakla\u015f\u0131m<\/h2>\n<p>[\/et_pb_text][et_pb_text _builder_version=&#8221;4.19.5&#8243; _module_preset=&#8221;cf653415-77d3-4c96-8a86-8808e8a448e4&#8243; global_colors_info=&#8221;{}&#8221;]<\/p>\n<p>Azimi Karde\u015fler Grubu&#039;nda yolculu\u011fumuz, \u00e7ok \u00e7e\u015fitli bir \u00fcr\u00fcn portf\u00f6y\u00fcnden daha fazlas\u0131yla i\u015faretleniyor. Uluslararas\u0131 uzmanl\u0131\u011f\u0131m\u0131z\u0131 yerel pazarlara dair derin bir anlay\u0131\u015fla birle\u015ftirerek k\u00fcresel eri\u015fimimizle gurur duyuyoruz. M\u00fc\u015fteri odakl\u0131 yakla\u015f\u0131m\u0131m\u0131z, her m\u00fc\u015fterinin kendine \u00f6zg\u00fc ihtiya\u00e7 ve isteklerini kar\u015f\u0131lamak i\u00e7in ki\u015fiye \u00f6zel \u00e7\u00f6z\u00fcmler almas\u0131n\u0131 sa\u011flar.<\/p>\n<p>Bir \u015firket olarak, \u00fcretimden yenilenebilir enerjiye, eczac\u0131l\u0131\u011fa, perakendeye, fmcg&#039;ye, dan\u0131\u015fmanl\u0131\u011fa, ihracata, turizme ve k\u00fcresel lojisti\u011fe kadar \u00e7ok say\u0131da end\u00fcstride kal\u0131c\u0131 ortakl\u0131klar\u0131 te\u015fvik ediyor ve yenili\u011fi te\u015fvik ediyoruz. S\u00fcrd\u00fcr\u00fclebilirli\u011fe olan ba\u011fl\u0131l\u0131\u011f\u0131m\u0131z sadece kar\u0131n \u00f6tesine uzan\u0131yor; Karbon ayak izimizi azaltmak ve gelecek nesiller i\u00e7in daha iyi bir d\u00fcnyaya katk\u0131da bulunmak i\u00e7in \u00e7evre dostu teknolojileri ve s\u00fcre\u00e7leri aktif olarak takip ediyoruz.<\/p>\n<p>[\/et_pb_text][\/et_pb_column][et_pb_column type=&#8221;1_2&#8243; _builder_version=&#8221;4.22.1&#8243; _module_preset=&#8221;default&#8221; custom_css_main_element=&#8221;align-items: center;&#8221; global_colors_info=&#8221;{}&#8221;][et_pb_image src=&#8221;https:\/\/azimigroup.net\/wp-content\/uploads\/2023\/09\/Kabul-Mart-2.jpg&#8221; title_text=&#8221;Kabul Mart&#8221; _builder_version=&#8221;4.22.1&#8243; _module_preset=&#8221;default&#8221; z_index=&#8221;3&#8243; width=&#8221;90%&#8221; module_alignment=&#8221;right&#8221; border_radii=&#8221;on|10px|10px|10px|10px&#8221; global_colors_info=&#8221;{}&#8221;][\/et_pb_image][et_pb_image src=&#8221;https:\/\/azimigroup.net\/wp-content\/uploads\/2023\/09\/health-clinic-2.png&#8221; title_text=&#8221;health-clinic-2&#8243; _builder_version=&#8221;4.22.1&#8243; _module_preset=&#8221;default&#8221; positioning=&#8221;absolute&#8221; position_origin_a=&#8221;top_right&#8221; vertical_offset=&#8221;-8%&#8221; horizontal_offset=&#8221;-8%&#8221; z_index=&#8221;2&#8243; width=&#8221;30%&#8221; filter_hue_rotate=&#8221;200deg&#8221; filter_invert=&#8221;100%&#8221; scroll_vertical_motion_enable=&#8221;on&#8221; scroll_vertical_motion=&#8221;36|78|78|100|4|0|0&#8243; motion_trigger_start=&#8221;bottom&#8221; global_colors_info=&#8221;{}&#8221;][\/et_pb_image][\/et_pb_column][\/et_pb_row][et_pb_row column_structure=&#8221;1_2,1_2&#8243; make_equal=&#8221;on&#8221; module_class=&#8221;inverse&#8221; _builder_version=&#8221;4.22.1&#8243; _module_preset=&#8221;default&#8221; custom_css_main_element=&#8221;align-items: center;&#8221; global_colors_info=&#8221;{}&#8221;][et_pb_column type=&#8221;1_2&#8243; _builder_version=&#8221;4.19.5&#8243; _module_preset=&#8221;default&#8221; global_colors_info=&#8221;{}&#8221;][et_pb_image src=&#8221;https:\/\/azimigroup.net\/wp-content\/uploads\/2023\/09\/health-clinic-2.png&#8221; title_text=&#8221;health-clinic-2&#8243; admin_label=&#8221;Image&#8221; _builder_version=&#8221;4.22.1&#8243; _module_preset=&#8221;default&#8221; positioning=&#8221;absolute&#8221; position_origin_a=&#8221;bottom_left&#8221; vertical_offset=&#8221;-36%&#8221; horizontal_offset=&#8221;-8%&#8221; width=&#8221;30%&#8221; scroll_vertical_motion_enable=&#8221;on&#8221; scroll_vertical_motion=&#8221;0|50|50|100|1|0|-1&#8243; locked=&#8221;off&#8221; global_colors_info=&#8221;{}&#8221;][\/et_pb_image][et_pb_image src=&#8221;https:\/\/azimigroup.net\/wp-content\/uploads\/2023\/09\/aerial-view-cargo-ship-cargo-container-harbor.jpg&#8221; title_text=&#8221;aerial-view-cargo-ship-cargo-container-harbor&#8221; _builder_version=&#8221;4.22.1&#8243; _module_preset=&#8221;default&#8221; custom_margin_tablet=&#8221;50px||||false|false&#8221; custom_margin_phone=&#8221;||||false|false&#8221; custom_margin_last_edited=&#8221;on|tablet&#8221; border_radii=&#8221;on|10px|10px|10px|10px&#8221; global_colors_info=&#8221;{}&#8221;][\/et_pb_image][\/et_pb_column][et_pb_column type=&#8221;1_2&#8243; _builder_version=&#8221;4.19.5&#8243; _module_preset=&#8221;default&#8221; global_colors_info=&#8221;{}&#8221;][et_pb_text _builder_version=&#8221;4.19.5&#8243; _module_preset=&#8221;cf653415-77d3-4c96-8a86-8808e8a448e4&#8243; locked=&#8221;off&#8221; global_colors_info=&#8221;{}&#8221;]<\/p>\n<p>\u00c7e\u015fitlendirilmi\u015f \u00fcr\u00fcn portf\u00f6y\u00fcm\u00fcz, her biri ola\u011fan\u00fcst\u00fc kaliteye olan sars\u0131lmaz ba\u011fl\u0131l\u0131\u011f\u0131m\u0131z\u0131 simgeleyen bir dizi \u00fcnl\u00fc markay\u0131 kapsamaktad\u0131r.<\/p>\n<p>\u015eampuandan kremlere ve sabunlara kadar her \u00fcr\u00fcn\u00fcn g\u00fcnl\u00fck \u00f6z bak\u0131m rutininizi y\u00fckseltmek i\u00e7in titizlikle haz\u0131rland\u0131\u011f\u0131 Smooth l\u00fcks d\u00fcnyas\u0131n\u0131 ke\u015ffedin. M\u00fckemmelli\u011fe olan ba\u011fl\u0131l\u0131\u011f\u0131m\u0131z her \u015fi\u015fe ve barda parl\u0131yor.<\/p>\n<p>Happy ile mutlu ya\u015faman\u0131n zevklerini, kapsaml\u0131 bir ki\u015fisel bak\u0131m \u00fcr\u00fcnleri yelpazesini ve daha fazlas\u0131n\u0131 kucaklay\u0131n. Besleyici \u015fampuanlardan canland\u0131r\u0131c\u0131 g\u00fczellik sabunlar\u0131na, di\u015f f\u0131r\u00e7alar\u0131na ve di\u015f macununa kadar, her g\u00fcn g\u00fcven yayman\u0131z\u0131 sa\u011flayarak sa\u011fl\u0131\u011f\u0131n\u0131z\u0131 koruduk.<\/p>\n<p>Birinci s\u0131n\u0131f s\u0131zma zeytinya\u011flar\u0131n\u0131n ve zeytin prina ya\u011flar\u0131n\u0131n h\u00fck\u00fcm s\u00fcrd\u00fc\u011f\u00fc Azimi Ya\u011f\u0131n\u0131n mutfak lezzetlerini ke\u015ffedin. \u00d6zenle haz\u0131rlanan bu ya\u011flar, her \u00f6\u011f\u00fcn\u00fc bir gurme deneyimine y\u00fckselterek yemeklerinize lezzetler katar.<\/p>\n<p>Ve bu sadece ba\u015flang\u0131\u00e7. Azimi Brothers Group olarak taahh\u00fcd\u00fcm\u00fcz en iyi re\u00e7elleri ve bal\u0131 \u00fcretmeye kadar uzan\u0131yor. Tooti markas\u0131 alt\u0131nda mutfak havlular\u0131 ve oda kokular\u0131, Rayhan ise sa\u00e7lar\u0131n \u00e7e\u015fitli ihtiya\u00e7lar\u0131na y\u00f6nelik \u00f6zel \u015fampuanlardan olu\u015fan bir koleksiyon sunmaktad\u0131r.<\/p>\n<p>Bu yolculu\u011fa \u00e7\u0131karken, s\u00fcrd\u00fcr\u00fclebilirli\u011fe olan ba\u011fl\u0131l\u0131\u011f\u0131m\u0131z bizi her seferinde bir \u00fcr\u00fcn olmak \u00fczere d\u00fcnya \u00fczerinde anlaml\u0131 bir etki yaratmaya itiyor. Azimi Brothers Grubu'nun geni\u015f portf\u00f6y\u00fcn\u00fc ke\u015ffedin ve herkes i\u00e7in daha parlak ve s\u00fcrd\u00fcr\u00fclebilir bir gelece\u011fi nas\u0131l \u015fekillendirdi\u011fimizi ke\u015ffedin.<\/p>\n<p>[\/et_pb_text][\/et_pb_column][\/et_pb_row][\/et_pb_section][et_pb_section fb_built=&#8221;1&#8243; prev_background_color=&#8221;#fdfdfd&#8221; admin_label=&#8221;Features&#8221; _builder_version=&#8221;4.22.1&#8243; _module_preset=&#8221;default&#8221; background_color=&#8221;#f3f3f3&#8243; custom_padding=&#8221;100px||||false|false&#8221; top_divider_style=&#8221;arrow3&#8243; collapsed=&#8221;on&#8221; global_colors_info=&#8221;{%22gcid-9464c34f-f9ff-43eb-9668-c958662e33fc%22:%91%22background_color%22%93}&#8221;][et_pb_row _builder_version=&#8221;4.19.5&#8243; _module_preset=&#8221;default&#8221; max_width=&#8221;700px&#8221; locked=&#8221;off&#8221; global_colors_info=&#8221;{}&#8221;][et_pb_column type=&#8221;4_4&#8243; _builder_version=&#8221;4.19.5&#8243; _module_preset=&#8221;default&#8221; global_colors_info=&#8221;{}&#8221;][et_pb_image src=&#8221;https:\/\/azimigroup.net\/wp-content\/uploads\/2023\/09\/health-clinic-1.png&#8221; title_text=&#8221;health-clinic-1&#8243; align=&#8221;center&#8221; admin_label=&#8221;Image&#8221; _builder_version=&#8221;4.22.1&#8243; _module_preset=&#8221;default&#8221; max_height=&#8221;12px&#8221; filter_hue_rotate=&#8221;160deg&#8221; global_colors_info=&#8221;{}&#8221;][\/et_pb_image][et_pb_text _builder_version=&#8221;4.22.1&#8243; _module_preset=&#8221;1c49ca18-cf31-42fe-a8d1-e085a285f155&#8243; text_orientation=&#8221;center&#8221; custom_margin=&#8221;||10px||false|false&#8221; global_colors_info=&#8221;{}&#8221;]<\/p>\n<h2>S\u00f6z\u00fcm\u00fcz:<br \/>M\u00fckemmellik, S\u00fcrd\u00fcr\u00fclebilirlik, M\u00fc\u015fteri Odakl\u0131l\u0131k\u00a0<\/h2>\n<p>[\/et_pb_text][\/et_pb_column][\/et_pb_row][et_pb_row column_structure=&#8221;1_2,1_2&#8243; _builder_version=&#8221;4.23.1&#8243; _module_preset=&#8221;default&#8221; hover_enabled=&#8221;0&#8243; custom_css_main_element=&#8221;display: flex;||align-items: center;&#8221; custom_css_free_form=&#8221;selector {||  gap: 15px;||}&#8221; global_colors_info=&#8221;{}&#8221; custom_css_main_element_last_edited=&#8221;on|desktop&#8221; custom_css_main_element_tablet=&#8221;\/**\/&#8221; custom_css_main_element_phone=&#8221;\/**\/&#8221; sticky_enabled=&#8221;0&#8243;][et_pb_column type=&#8221;1_2&#8243; _builder_version=&#8221;4.22.1&#8243; _module_preset=&#8221;default&#8221; global_colors_info=&#8221;{}&#8221; custom_css_main_element_last_edited=&#8221;off|tablet&#8221;][et_pb_image src=&#8221;https:\/\/azimigroup.net\/wp-content\/uploads\/2023\/09\/aerial-view-container-cargo-ship-sea.jpg&#8221; title_text=&#8221;aerial-view-container-cargo-ship-sea&#8221; _builder_version=&#8221;4.22.1&#8243; _module_preset=&#8221;default&#8221; border_radii=&#8221;on|30px|30px|30px|30px&#8221; global_colors_info=&#8221;{}&#8221;][\/et_pb_image][\/et_pb_column][et_pb_column type=&#8221;1_2&#8243; _builder_version=&#8221;4.23.1&#8243; _module_preset=&#8221;default&#8221; global_colors_info=&#8221;{}&#8221;][et_pb_blurb title=&#8221;Dedicated to Quality Assurance&#8221; use_icon=&#8221;on&#8221; font_icon=&#8221;&#x4e;||divi||400&#8243; icon_color=&#8221;gcid-6fb8d52b-d9b9-420f-b953-76a43db82829&#8243; _builder_version=&#8221;4.22.1&#8243; _module_preset=&#8221;311d4327-4e04-489d-9eca-dbc474a4bc81&#8243; locked=&#8221;off&#8221; global_colors_info=&#8221;{%22gcid-6fb8d52b-d9b9-420f-b953-76a43db82829%22:%91%22icon_color%22%93}&#8221;][\/et_pb_blurb][et_pb_blurb title=&#8221;Committed to Sustainability Initiatives&#8221; use_icon=&#8221;on&#8221; font_icon=&#8221;&#x4e;||divi||400&#8243; icon_color=&#8221;gcid-6fb8d52b-d9b9-420f-b953-76a43db82829&#8243; _builder_version=&#8221;4.22.1&#8243; _module_preset=&#8221;311d4327-4e04-489d-9eca-dbc474a4bc81&#8243; locked=&#8221;off&#8221; global_colors_info=&#8221;{%22gcid-6fb8d52b-d9b9-420f-b953-76a43db82829%22:%91%22icon_color%22%93,%22gcid-0b738e94-8a5e-4e5c-8969-81d151b757fa%22:%91%22icon_color%22%93}&#8221;][\/et_pb_blurb][et_pb_blurb title=&#8221;Focused on Customer-Centricity&#8221; use_icon=&#8221;on&#8221; font_icon=&#8221;&#x4e;||divi||400&#8243; icon_color=&#8221;gcid-6fb8d52b-d9b9-420f-b953-76a43db82829&#8243; _builder_version=&#8221;4.22.1&#8243; _module_preset=&#8221;311d4327-4e04-489d-9eca-dbc474a4bc81&#8243; locked=&#8221;off&#8221; global_colors_info=&#8221;{%22gcid-6fb8d52b-d9b9-420f-b953-76a43db82829%22:%91%22icon_color%22%93,%22gcid-0b738e94-8a5e-4e5c-8969-81d151b757fa%22:%91%22icon_color%22%93}&#8221;][\/et_pb_blurb][\/et_pb_column][\/et_pb_row][\/et_pb_section]<\/p>","protected":false},"excerpt":{"rendered":"<p>About UsWelcome to Azimi Brothers Group, a distinguished conglomerate that has been at the forefront of innovation and excellence. If you want to learn more about our rich legacy, extensive portfolio, and our commitment to quality, sustainability, and customer satisfaction, read on.Global Reach and Customer-Centric ApproachAt Azimi Brothers Group, our journey is marked by more [&hellip;]<\/p>","protected":false},"author":1,"featured_media":0,"parent":0,"menu_order":0,"comment_status":"closed","ping_status":"closed","template":"","meta":{"_acf_changed":false,"_et_pb_use_builder":"on","_et_pb_old_content":"","_et_gb_content_width":"","footnotes":""},"class_list":["post-168","page","type-page","status-publish","hentry"],"acf":[],"_links":{"self":[{"href":"https:\/\/azimigroup.net\/tr\/wp-json\/wp\/v2\/pages\/168","targetHints":{"allow":["GET"]}}],"collection":[{"href":"https:\/\/azimigroup.net\/tr\/wp-json\/wp\/v2\/pages"}],"about":[{"href":"https:\/\/azimigroup.net\/tr\/wp-json\/wp\/v2\/types\/page"}],"author":[{"embeddable":true,"href":"https:\/\/azimigroup.net\/tr\/wp-json\/wp\/v2\/users\/1"}],"replies":[{"embeddable":true,"href":"https:\/\/azimigroup.net\/tr\/wp-json\/wp\/v2\/comments?post=168"}],"version-history":[{"count":21,"href":"https:\/\/azimigroup.net\/tr\/wp-json\/wp\/v2\/pages\/168\/revisions"}],"predecessor-version":[{"id":2224,"href":"https:\/\/azimigroup.net\/tr\/wp-json\/wp\/v2\/pages\/168\/revisions\/2224"}],"wp:attachment":[{"href":"https:\/\/azimigroup.net\/tr\/wp-json\/wp\/v2\/media?parent=168"}],"curies":[{"name":"wp","href":"https:\/\/api.w.org\/{rel}","templated":true}]}}